{"id":8,"date":"2013-05-31T08:44:43","date_gmt":"2013-05-31T08:44:43","guid":{"rendered":"http:\/\/impreza.us-themes.net\/"},"modified":"2023-06-30T17:55:40","modified_gmt":"2023-06-30T20:55:40","slug":"novosite","status":"publish","type":"page","link":"https:\/\/mpcontab.com.br\/","title":{"rendered":"Home"},"content":{"rendered":"<section class=\"l-section wpb_row height_auto width_full color_primary\" id=\"home\"><div class=\"l-section-h i-cf\"><div class=\"g-cols vc_row type_default valign_top\"><div class=\"vc_col-sm-12 wpb_column vc_column_container\"><div class=\"vc_column-inner\"><div class=\"wpb_wrapper\">[rev_slider_vc alias=&#8221;home&#8221;]<\/div><\/div><\/div><\/div><\/div><\/section><section class=\"l-section wpb_row height_medium color_primary\"><div class=\"l-section-h i-cf\"><div class=\"g-cols vc_row type_default valign_top\"><div class=\"vc_col-sm-12 wpb_column vc_column_container\"><div class=\"vc_column-inner\"><div class=\"wpb_wrapper\"><div class=\"w-actionbox color_primary controls_right\"><div class=\"w-actionbox-text\"><h2 style=\"font-size:h2;\">Se preocupe apenas com o seu neg\u00f3cio!<\/h2><p> N\u00f3s administramos para voc\u00ea. Entre em contato<\/p>\n<\/div><div class=\"w-actionbox-controls\"><a class=\"w-btn us-btn-style_1\" href=\"#contato\" style=\"font-size:20px;\"><span class=\"w-btn-label\">FALE CONOSCO<\/span><\/a><\/div><\/div><\/div><\/div><\/div><\/div><\/div><\/section><section class=\"l-section wpb_row height_medium with_overlay\"><div class=\"l-section-overlay\" style=\"background: #f4f4f4\"><\/div><div class=\"l-section-h i-cf\"><div class=\"g-cols vc_row type_default valign_top\"><div class=\"vc_col-sm-6 vc_col-md-3 wpb_column vc_column_container\"><div class=\"vc_column-inner\"><div class=\"wpb_wrapper\"><div class=\"w-iconbox iconpos_top style_outlined color_primary align_center no_text\"><a href=\"#first\" class=\"w-iconbox-link\" aria-label=\"Conhecimento\"><div class=\"w-iconbox-icon\"><i class=\"fas fa-star\"><\/i><\/div><\/a><div class=\"w-iconbox-meta\"><a href=\"#first\" class=\"w-iconbox-link\" aria-label=\"Conhecimento\"><h4 class=\"w-iconbox-title\">Conhecimento<\/h4><\/a><\/div><\/div><\/div><\/div><\/div><div class=\"vc_col-sm-6 vc_col-md-3 wpb_column vc_column_container\"><div class=\"vc_column-inner\"><div class=\"wpb_wrapper\"><div class=\"w-iconbox iconpos_top style_outlined color_primary align_center no_text\"><a href=\"#second\" class=\"w-iconbox-link\" aria-label=\"Efici\u00eancia\"><div class=\"w-iconbox-icon\"><i class=\"fas fa-edit\"><\/i><\/div><\/a><div class=\"w-iconbox-meta\"><a href=\"#second\" class=\"w-iconbox-link\" aria-label=\"Efici\u00eancia\"><h4 class=\"w-iconbox-title\">Efici\u00eancia<\/h4><\/a><\/div><\/div><\/div><\/div><\/div><div class=\"vc_col-sm-6 vc_col-md-3 wpb_column vc_column_container\"><div class=\"vc_column-inner\"><div class=\"wpb_wrapper\"><div class=\"w-iconbox iconpos_top style_outlined color_primary align_center no_text\"><a href=\"#third\" class=\"w-iconbox-link\" aria-label=\"Responsabilidade\"><div class=\"w-iconbox-icon\"><i class=\"fas fa-shield-alt\"><\/i><\/div><\/a><div class=\"w-iconbox-meta\"><a href=\"#third\" class=\"w-iconbox-link\" aria-label=\"Responsabilidade\"><h4 class=\"w-iconbox-title\">Responsabilidade<\/h4><\/a><\/div><\/div><\/div><\/div><\/div><div class=\"vc_col-sm-6 vc_col-md-3 wpb_column vc_column_container\"><div class=\"vc_column-inner\"><div class=\"wpb_wrapper\"><div class=\"w-iconbox iconpos_top style_outlined color_primary align_center no_text\"><a href=\"#fourth\" class=\"w-iconbox-link\" aria-label=\"Comprometimento\"><div class=\"w-iconbox-icon\"><i class=\"fas fa-thumbs-up\"><\/i><\/div><\/a><div class=\"w-iconbox-meta\"><a href=\"#fourth\" class=\"w-iconbox-link\" aria-label=\"Comprometimento\"><h4 class=\"w-iconbox-title\">Comprometimento<\/h4><\/a><\/div><\/div><\/div><\/div><\/div><\/div><\/div><\/section><section class=\"l-section wpb_row height_medium\" id=\"empresa\"><div class=\"l-section-h i-cf\"><div class=\"g-cols vc_row type_default valign_top\"><div class=\"vc_col-sm-12 wpb_column vc_column_container\"><div class=\"vc_column-inner\"><div class=\"wpb_wrapper\"><div class=\"wpb_text_column\" ><div class=\"wpb_wrapper\"><h2 style=\"text-align: center;\">A Empresa<\/h2>\n<\/div><\/div><\/div><\/div><\/div><\/div><\/div><\/section><section class=\"l-section wpb_row height_medium\"><div class=\"l-section-h i-cf\"><div class=\"g-cols vc_row type_default valign_top\"><div class=\"vc_col-sm-6 wpb_column vc_column_container\"><div class=\"vc_column-inner\"><div class=\"wpb_wrapper\"><div class=\"w-image align_left animate_fade\" style=\"animation-delay:0.4s\"><div class=\"w-image-h\"><img width=\"712\" height=\"533\" src=\"https:\/\/mpcontab.com.br\/wp-content\/uploads\/2013\/05\/img.jpg\" class=\"attachment-full size-full\" alt=\"\" decoding=\"async\" loading=\"lazy\" srcset=\"https:\/\/mpcontab.com.br\/wp-content\/uploads\/2013\/05\/img.jpg 712w, https:\/\/mpcontab.com.br\/wp-content\/uploads\/2013\/05\/img-300x225.jpg 300w, https:\/\/mpcontab.com.br\/wp-content\/uploads\/2013\/05\/img-600x449.jpg 600w\" sizes=\"(max-width: 712px) 100vw, 712px\" \/><\/div><\/div><\/div><\/div><\/div><div class=\"vc_col-sm-6 wpb_column vc_column_container\"><div class=\"vc_column-inner\"><div class=\"wpb_wrapper\"><div class=\"wpb_text_column\" ><div class=\"wpb_wrapper\"><p><strong>Nossa Miss\u00e3o:<\/strong> Atender nossos clientes, n\u00e3o somente cumprindo as obriga\u00e7\u00f5es legais, mas fornecendo todo o suporte necess\u00e1rio para o crescimento e desenvolvimento de seus neg\u00f3cios, atrav\u00e9s do conhecimento, efici\u00eancia, responsabilidade e comprometimento.<\/p>\n<p><strong>Nossa Vis\u00e3o:<\/strong> Todas as necessidades de nossos clientes, relacionadas a Gest\u00e3o financeira de seus neg\u00f3cios, devem ser supridas por n\u00f3s.<\/p>\n<p><strong>Os Gestores:<\/strong> Forma\u00e7\u00e3o em Ci\u00eancias cont\u00e1beis com especializa\u00e7\u00e3o em MBA de Finan\u00e7as, com viv\u00eancia em Auditoria, Contabilidade, Planejamento Financeiro, Controladoria, Gest\u00e3o de Neg\u00f3cios, Assessoria, Gest\u00e3o e Execu\u00e7\u00e3o fiscal e Planejamento tribut\u00e1rio.<\/p>\n<p><strong>Nosso Diferencial:<\/strong> Relacionamento personalizado e envolvimento na gest\u00e3o financeira dos neg\u00f3cios de nossos clientes.<\/p>\n<\/div><\/div><\/div><\/div><\/div><\/div><\/div><\/section><section class=\"l-section wpb_row height_huge color_primary with_img parallax_ver with_overlay\"><div class=\"l-section-img\" style=\"background-image: url(https:\/\/mpcontab.com.br\/wp-content\/uploads\/2013\/05\/img_tela.jpg);\" data-img-width=\"1920\" data-img-height=\"1281\"><\/div><div class=\"l-section-overlay\" style=\"background: rgba(25,25,25,0.62)\"><\/div><div class=\"l-section-h i-cf\"><div class=\"g-cols vc_row type_default valign_top\"><div class=\"vc_col-sm-12 wpb_column vc_column_container\"><div class=\"vc_column-inner\"><div class=\"wpb_wrapper\"><div class=\"wpb_text_column\" ><div class=\"wpb_wrapper\"><h2 style=\"text-align: center;\">O que oferecemos?<\/h2>\n<\/div><\/div><div class=\"w-separator size_large\"><\/div><div class=\"g-cols wpb_row  type_default valign_top vc_inner\"><div class=\"vc_col-sm-12 wpb_column vc_column_container animate_afb\" style=\"animation-delay:0.8s\"><div class=\"vc_column-inner\"><div class=\"wpb_wrapper\"><div class=\"wpb_text_column\" ><div class=\"wpb_wrapper\"><h2 style=\"text-align: center;\"><strong>Tranquilidade para sua empresa!<\/strong><\/h2>\n<\/div><\/div><\/div><\/div><\/div><\/div><\/div><\/div><\/div><\/div><\/div><\/section><section class=\"l-section wpb_row height_auto\" id=\"servicos\"><div class=\"l-section-h i-cf\"><div class=\"g-cols vc_row type_default valign_top\"><div class=\"vc_col-sm-12 wpb_column vc_column_container\"><div class=\"vc_column-inner\"><div class=\"wpb_wrapper\"><div class=\"w-separator size_huge\"><\/div><div class=\"wpb_text_column\" ><div class=\"wpb_wrapper\"><h2 style=\"text-align: center;\">Servi\u00e7os<\/h2>\n<\/div><\/div><div class=\"w-separator size_large\"><\/div><div class=\"g-cols wpb_row  type_default valign_top vc_inner\"><div class=\"vc_col-sm-12 wpb_column vc_column_container\"><div class=\"vc_column-inner\"><div class=\"wpb_wrapper\"><div class=\"w-iconbox iconpos_left style_default color_primary align_left\"><div class=\"w-iconbox-icon\"><i class=\"fas fa-calculator\"><\/i><\/div><div class=\"w-iconbox-meta\"><h4 class=\"w-iconbox-title\">CONTABILIDADE<\/h4><div class=\"w-iconbox-text\"><p>Escritura\u00e7\u00e3o Contabil, Balancete Mensal, Demonstra\u00e7\u00f5es de Resultado Mensal, Balan\u00e7o Patrimonial Anual e as Obriga\u00e7\u00f5es Acess\u00f3rias de acordo com a legisla\u00e7\u00e3o vigente.<\/p>\n<\/div><\/div><\/div><\/div><\/div><\/div><\/div><div class=\"w-separator size_medium\"><\/div><div class=\"w-iconbox iconpos_left style_default color_primary align_left\"><div class=\"w-iconbox-icon\"><i class=\"far fa-edit\"><\/i><\/div><div class=\"w-iconbox-meta\"><h4 class=\"w-iconbox-title\">ESCRITURA\u00c7\u00c3O FISCAL<\/h4><div class=\"w-iconbox-text\"><p>Escritura\u00e7\u00e3o Fiscal; Apura\u00e7\u00e3o dos Impostos Federais, Estaduais e Municipais; Entrega das obriga\u00e7\u00f5es acess\u00f3rias de acordo com o enquadramento fiscal da empresa; Consultoria Fiscal de impostos, tributos e contribui\u00e7\u00f5es de empresas enquadradas em todos os regimes (Simples Nacional, Lucro Presumido e Lucro Real). Todos os segmentos, Ind\u00fastria, Com\u00e9rcio, Servi\u00e7os, Loca\u00e7\u00e3o e Fast Food.<\/p>\n<\/div><\/div><\/div><div class=\"w-separator size_medium\"><\/div><div class=\"w-iconbox iconpos_left style_default color_primary align_left\"><div class=\"w-iconbox-icon\"><i class=\"far fa-money-bill-alt\"><\/i><\/div><div class=\"w-iconbox-meta\"><h4 class=\"w-iconbox-title\">FOLHA DE PAGAMENTO<\/h4><div class=\"w-iconbox-text\"><p>Atuamos com Folha de Pagamento corporativa, emitindo Folhas de pagamentos, Holerites, C\u00e1lculo dos encargos sociais, entrega das obriga\u00e7\u00f5es trabalhistas, de acordo com a legisla\u00e7\u00e3o vigente, realiza\u00e7\u00e3o de homologa\u00e7\u00f5es, junto aos sindicatos.<\/p>\n<\/div><\/div><\/div><div class=\"w-separator size_medium\"><\/div><div class=\"w-iconbox iconpos_left style_default color_primary align_left\"><div class=\"w-iconbox-icon\"><i class=\"fas fa-chart-line\"><\/i><\/div><div class=\"w-iconbox-meta\"><h4 class=\"w-iconbox-title\">CONSULTORIA FINANCEIRA<\/h4><div class=\"w-iconbox-text\"><p>Consultoria financeira, junto aos empres\u00e1rios que atuam em seus respectivos segmentos, possuem o conhecimento da opera\u00e7\u00e3o, mas necessitam de uma organiza\u00e7\u00e3o financeira saud\u00e1vel, que possibilita um crescimento sustent\u00e1vel para seus neg\u00f3cios.<\/p>\n<\/div><\/div><\/div><div class=\"w-separator size_medium\"><\/div><div class=\"w-iconbox iconpos_left style_default color_primary align_left\"><div class=\"w-iconbox-icon\"><i class=\"fas fa-sitemap\"><\/i><\/div><div class=\"w-iconbox-meta\"><h4 class=\"w-iconbox-title\">SISTEMA ERP<\/h4><div class=\"w-iconbox-text\"><p>Utilizamos Sistema ERP integrado a Contabilidade, Fiscal, Ativo Imobilizado, Folha de pagamento, obriga\u00e7\u00f5es acess\u00f3rias e demais necessidades corporativas, de acordo com a legisla\u00e7\u00e3o vigente.<\/p>\n<\/div><\/div><\/div><div class=\"w-separator size_medium\"><\/div><\/div><\/div><\/div><\/div><\/div><\/section><section class=\"l-section wpb_row height_small color_secondary\" id=\"localizacao\"><div class=\"l-section-h i-cf\"><div class=\"g-cols vc_row type_default valign_top\"><div class=\"vc_col-sm-12 wpb_column vc_column_container\"><div class=\"vc_column-inner\"><div class=\"wpb_wrapper\"><div class=\"wpb_text_column\" ><div class=\"wpb_wrapper\"><h2 style=\"text-align: center;\">Localiza\u00e7\u00e3o<\/h2>\n<\/div><\/div><\/div><\/div><\/div><\/div><\/div><\/section><section class=\"l-section wpb_row height_auto with_overlay\"><div class=\"l-section-overlay\" style=\"background: #e8e8e8\"><\/div><div class=\"l-section-h i-cf\"><div class=\"g-cols vc_row type_default valign_top\"><div class=\"vc_col-sm-12 wpb_column vc_column_container\"><div class=\"vc_column-inner\"><div class=\"wpb_wrapper\"><div class=\"w-separator size_medium\"><\/div><div class=\"g-cols wpb_row  type_default valign_top vc_inner\"><div class=\"vc_col-sm-12 wpb_column vc_column_container\"><div class=\"vc_column-inner\"><div class=\"wpb_wrapper\"><div class=\"w-iconbox iconpos_left style_default color_primary align_left no_text\"><div class=\"w-iconbox-icon\"><i class=\"fas fa-map-marker-alt\"><\/i><\/div><div class=\"w-iconbox-meta\"><h6 class=\"w-iconbox-title\" style=\"font-size:22px;\">Rua Frei Gaspar, 941, sala 502 &#8211; Centro &#8211; S\u00e3o Bernardo do Campo, 09720-440 <\/h6><\/div><\/div><div class=\"w-separator size_custom\" style=\"height:32px\"><\/div><div class=\"w-btn-wrapper width_auto align_center\"><a class=\"w-btn us-btn-style_1 us_custom_f73f4019\" target=\"_blank\" href=\"https:\/\/goo.gl\/maps\/9XCjRmadQTHoJXVr5\" rel=\"noopener\"><span class=\"w-btn-label\">Vir at\u00e9 n\u00f3s<\/span><\/a><\/div><div class=\"w-separator size_custom\" style=\"height:32px\"><\/div><div class=\"w-separator size_small\"><\/div><h2 class=\"w-itext us_custom_22c094b1 type_fadeIn align_center\" onclick='return {&quot;duration&quot;:300,&quot;delay&quot;:5000,&quot;disablePartAnimation&quot;:false,&quot;html_nbsp_char&quot;:true}'><span class=\"w-itext-part changesat_0 changesat_1 dynamic\" onclick='return [&quot;Acesso\\u00a0f\\u00e1cil\\u00a0Via\\u00a0Anchieta\\u00a0sa\\u00edda\\u00a021B&quot;,&quot;Venha\\u00a0tomar\\u00a0um\\u00a0caf\\u00e9\\u00a0conosco!&quot;]'><span>Acesso&nbsp;f&aacute;cil&nbsp;Via&nbsp;Anchieta&nbsp;sa&iacute;da&nbsp;21B<\/span><\/span><\/h2><div class=\"w-separator size_custom\" style=\"height:32px\"><\/div><\/div><\/div><\/div><\/div><\/div><\/div><\/div><\/div><\/div><\/section><section class=\"l-section wpb_row height_auto\" id=\"contato\"><div class=\"l-section-h i-cf\"><div class=\"g-cols vc_row type_default valign_top\"><div class=\"vc_col-sm-12 wpb_column vc_column_container\"><div class=\"vc_column-inner\"><div class=\"wpb_wrapper\"><div class=\"w-separator size_huge\"><\/div><div class=\"wpb_text_column\" ><div class=\"wpb_wrapper\"><h2 style=\"text-align: center;\">Contato<\/h2>\n<\/div><\/div><div class=\"w-separator size_large\"><\/div><div class=\"g-cols wpb_row  type_default valign_top vc_inner\"><div class=\"vc_col-sm-3 wpb_column vc_column_container\"><div class=\"vc_column-inner\"><div class=\"wpb_wrapper\"><div class=\"w-iconbox iconpos_top style_default color_primary align_center no_text\"><div class=\"w-iconbox-icon\" style=\"font-size:30px;\"><i class=\"fas fa-phone\"><\/i><\/div><div class=\"w-iconbox-meta\"><h5 class=\"w-iconbox-title\">(11) 2988-1172 \/ 2988-1165<\/h5><\/div><\/div><div class=\"w-separator size_medium\"><\/div><div class=\"w-iconbox iconpos_top style_default color_primary align_center no_text\"><a href=\"mailto: contato@mpcontab.com.br\" class=\"w-iconbox-link\" aria-label=\"contato@mpcontab.com.br\"><div class=\"w-iconbox-icon\" style=\"font-size:30px;\"><i class=\"far fa-envelope\"><\/i><\/div><\/a><div class=\"w-iconbox-meta\"><a href=\"mailto: contato@mpcontab.com.br\" class=\"w-iconbox-link\" aria-label=\"contato@mpcontab.com.br\"><h5 class=\"w-iconbox-title\">contato@mpcontab.com.br<\/h5><\/a><\/div><\/div><\/div><\/div><\/div><div class=\"vc_col-sm-9 wpb_column vc_column_container\"><div class=\"vc_column-inner\"><div class=\"wpb_wrapper\"><div class=\"wpb_text_column\" ><div class=\"wpb_wrapper\"><h3>Envie uma mensagem para n\u00f3s. Responderemos em breve.<\/h3>\n<\/div><\/div><div class=\"w-separator size_medium\"><\/div><form class=\"w-form  layout_ver for_cform us_form_1\" autocomplete=\"off\" action=\"https:\/\/mpcontab.com.br\/index.php\/wp-json\/wp\/v2\/pages\/8\" method=\"post\"><div class=\"w-form-h\"><div class=\"w-form-row for_text required with_icon\">\r\n\t\t<div class=\"w-form-row-field\">\r\n\t\t\t\t<i class=\"far fa-user\"><\/i>\t\t<input aria-label=\"Nome\" type=\"text\" name=\"us_form_1_text_1\" value placeholder=\"Nome *\" data-required=\"true\" aria-required=\"true\"\/>\r\n\t\t\t<\/div>\r\n\t\t<div class=\"w-form-row-state\">Preencha esse campo<\/div>\r\n<\/div>\r\n<div class=\"w-form-row for_text required with_icon\">\r\n\t\t<div class=\"w-form-row-field\">\r\n\t\t\t\t<i class=\"far fa-envelope\"><\/i>\t\t<input aria-label=\"E-mail\" type=\"text\" name=\"us_form_1_text_2\" value placeholder=\"E-mail *\" data-required=\"true\" aria-required=\"true\"\/>\r\n\t\t\t<\/div>\r\n\t\t<div class=\"w-form-row-state\">Preencha esse campo<\/div>\r\n<\/div>\r\n<div class=\"w-form-row for_text required with_icon\">\r\n\t\t<div class=\"w-form-row-field\">\r\n\t\t\t\t<i class=\"far fa-phone\"><\/i>\t\t<input aria-label=\"Telefone\" type=\"text\" name=\"us_form_1_text_3\" value placeholder=\"Telefone *\" data-required=\"true\" aria-required=\"true\"\/>\r\n\t\t\t<\/div>\r\n\t\t<div class=\"w-form-row-state\">Preencha esse campo<\/div>\r\n<\/div>\r\n<div class=\"w-form-row for_textarea required with_icon\">\r\n\t\t<div class=\"w-form-row-field\">\r\n\t\t\t\t<i class=\"far fa-pencil\"><\/i>\t\t<textarea aria-label=\"Texto\" name=\"us_form_1_textarea_1\" placeholder=\"Texto *\" data-required=\"true\" aria-required=\"true\"><\/textarea>\r\n\t\t\t<\/div>\r\n\t\t<div class=\"w-form-row-state\">Preencha esse campo<\/div>\r\n<\/div>\r\n<div class=\"w-form-row for_captcha has_label required with_icon\">\r\n\t<div class=\"w-form-row-label\">\r\n\t\t<span>Resolva a equa\u00e7\u00e3o para continuar <span>17 + 12 = ?<\/span><\/span>\r\n\t<\/div>\r\n\t<div class=\"w-form-row-field\">\r\n\t\t\t\t<input type=\"hidden\" name=\"us_form_1_captcha_1_hash\" value=\"c12fbd7f7021ec50e4121b0a5d8a51e7\" \/>\r\n\t\t<i class=\"far fa-question-circle\"><\/i>\t\t<input aria-label=\"Resolva a equa\u00e7\u00e3o para continuar\" type=\"text\" name=\"us_form_1_captcha_1\" placeholder data-required=\"true\" aria-required=\"true\"\/>\r\n\t\t\t<\/div>\r\n\t\t<div class=\"w-form-row-state\">Resolva a equa\u00e7\u00e3o para continuar<\/div>\r\n<\/div>\r\n<input type=\"hidden\" name=\"action\" value=\"us_ajax_cform\" \/><input type=\"hidden\" name=\"post_id\" value \/><input type=\"hidden\" name=\"form_index\" value=\"1\" \/><div class=\"w-form-row for_submit align_left\">\r\n\t<div class=\"w-form-row-field\">\r\n\t\t\t\t<button class=\"w-btn  us-btn-style_1\" style=\"font-size:16px;\" aria-label=\"ENVIAR\" type=\"submit\">\r\n\t\t\t<span class=\"g-preloader type_1\"><\/span>\r\n\t\t\t\t\t\t<span class=\"w-btn-label\">ENVIAR<\/span>\r\n\t\t\t\t\t<\/button>\r\n\t<\/div>\r\n<\/div><\/div><div class=\"w-form-message\"><\/div><div class=\"w-form-json hidden\" onclick='return {&quot;ajaxurl&quot;:&quot;https:\\\/\\\/mpcontab.com.br\\\/wp-admin\\\/admin-ajax.php&quot;}'><\/div><\/form><\/div><\/div><\/div><\/div><div class=\"w-separator size_large\"><\/div><\/div><\/div><\/div><\/div><\/div><\/section>\n","protected":false},"excerpt":{"rendered":"[rev_slider_vc alias=\"home\"]Se preocupe apenas com o seu neg\u00f3cio! N\u00f3s administramos para voc\u00ea. Entre em contato FALE CONOSCOConhecimentoEfici\u00eanciaResponsabilidadeComprometimentoA Empresa Nossa Miss\u00e3o: Atender nossos clientes, n\u00e3o somente cumprindo as obriga\u00e7\u00f5es legais, mas fornecendo todo o suporte necess\u00e1rio para o crescimento e desenvolvimento de seus neg\u00f3cios, atrav\u00e9s do conhecimento, efici\u00eancia, responsabilidade e comprometimento. Nossa Vis\u00e3o: Todas as necessidades...","protected":false},"author":1001011,"featured_media":0,"parent":0,"menu_order":0,"comment_status":"closed","ping_status":"closed","template":"","meta":[],"_links":{"self":[{"href":"https:\/\/mpcontab.com.br\/index.php\/wp-json\/wp\/v2\/pages\/8"}],"collection":[{"href":"https:\/\/mpcontab.com.br\/index.php\/wp-json\/wp\/v2\/pages"}],"about":[{"href":"https:\/\/mpcontab.com.br\/index.php\/wp-json\/wp\/v2\/types\/page"}],"author":[{"embeddable":true,"href":"https:\/\/mpcontab.com.br\/index.php\/wp-json\/wp\/v2\/users\/1001011"}],"replies":[{"embeddable":true,"href":"https:\/\/mpcontab.com.br\/index.php\/wp-json\/wp\/v2\/comments?post=8"}],"version-history":[{"count":72,"href":"https:\/\/mpcontab.com.br\/index.php\/wp-json\/wp\/v2\/pages\/8\/revisions"}],"predecessor-version":[{"id":6160,"href":"https:\/\/mpcontab.com.br\/index.php\/wp-json\/wp\/v2\/pages\/8\/revisions\/6160"}],"wp:attachment":[{"href":"https:\/\/mpcontab.com.br\/index.php\/wp-json\/wp\/v2\/media?parent=8"}],"curies":[{"name":"wp","href":"https:\/\/api.w.org\/{rel}","templated":true}]}}